{"id":1569,"date":"2023-06-15T16:00:45","date_gmt":"2023-06-15T21:00:45","guid":{"rendered":"https:\/\/pneumaticsolution.com.co\/?post_type=product&#038;p=1569"},"modified":"2023-06-15T17:04:30","modified_gmt":"2023-06-15T22:04:30","slug":"proveedor-de-racores-neumaticos-serie-de-plastico-fabricante-de-racores-de-aire-a-presion","status":"publish","type":"product","link":"https:\/\/pneumaticsolution.com.co\/?product=proveedor-de-racores-neumaticos-serie-de-plastico-fabricante-de-racores-de-aire-a-presion","title":{"rendered":"Proveedor de racores neum\u00e1ticos Serie de pl\u00e1stico Fabricante de racores de aire a presi\u00f3n"},"content":{"rendered":"<p>Racor neum\u00e1tico<br \/>\nRacores de aire neum\u00e1tico<br \/>\nRacores neum\u00e1ticos<br \/>\naptos para el tama\u00f1o del tubo: 4 mm 6 mm 8 mm 10 mm 12 mm 14 mm 16 mm Tubo de manguera<br \/>\nPresi\u00f3n de funcionamiento: 0 ~ 1 Mpa<br \/>\nRango de temperatura de funcionamiento: 0 ~ 60 \u2103<br \/>\nTipo de fluido: aire\/vac\u00edo<br \/>\nAjuste para el material del tubo: PU\/PE\/ Nailon, Poliuretano<br \/>\nMaterial de montaje r\u00e1pido: Pl\u00e1stico<\/p>\n<p>&nbsp;<\/p>\n","protected":false},"excerpt":{"rendered":"<p>Racor neum\u00e1tico Racores de aire neum\u00e1tico Racores neum\u00e1ticos aptos para el tama\u00f1o del tubo: 4 mm 6 mm 8 mm 10 mm 12 mm 14 mm 16 mm Tubo de manguera Presi\u00f3n de funcionamiento: 0 ~ 1 Mpa Rango de temperatura de funcionamiento: 0 ~ 60 \u2103 Tipo de fluido: aire\/vac\u00edo Ajuste para el material [&hellip;]<\/p>\n","protected":false},"featured_media":1570,"comment_status":"open","ping_status":"closed","template":"","meta":{"_et_pb_use_builder":"","_et_pb_old_content":"","_et_gb_content_width":"","_monsterinsights_skip_tracking":false,"_monsterinsights_sitenote_active":false,"_monsterinsights_sitenote_note":"","_monsterinsights_sitenote_category":0,"_joinchat":[]},"product_brand":[],"product_cat":[74,73],"product_tag":[],"class_list":{"0":"post-1569","1":"product","2":"type-product","3":"status-publish","4":"has-post-thumbnail","6":"product_cat-conector-de-plastico","7":"product_cat-piezas-neumaticas-y-accesorios","9":"first","10":"instock","11":"shipping-taxable","12":"product-type-simple"},"aioseo_notices":[],"jetpack_sharing_enabled":true,"_links":{"self":[{"href":"https:\/\/pneumaticsolution.com.co\/index.php?rest_route=\/wp\/v2\/product\/1569","targetHints":{"allow":["GET"]}}],"collection":[{"href":"https:\/\/pneumaticsolution.com.co\/index.php?rest_route=\/wp\/v2\/product"}],"about":[{"href":"https:\/\/pneumaticsolution.com.co\/index.php?rest_route=\/wp\/v2\/types\/product"}],"replies":[{"embeddable":true,"href":"https:\/\/pneumaticsolution.com.co\/index.php?rest_route=%2Fwp%2Fv2%2Fcomments&post=1569"}],"wp:featuredmedia":[{"embeddable":true,"href":"https:\/\/pneumaticsolution.com.co\/index.php?rest_route=\/wp\/v2\/media\/1570"}],"wp:attachment":[{"href":"https:\/\/pneumaticsolution.com.co\/index.php?rest_route=%2Fwp%2Fv2%2Fmedia&parent=1569"}],"wp:term":[{"taxonomy":"product_brand","embeddable":true,"href":"https:\/\/pneumaticsolution.com.co\/index.php?rest_route=%2Fwp%2Fv2%2Fproduct_brand&post=1569"},{"taxonomy":"product_cat","embeddable":true,"href":"https:\/\/pneumaticsolution.com.co\/index.php?rest_route=%2Fwp%2Fv2%2Fproduct_cat&post=1569"},{"taxonomy":"product_tag","embeddable":true,"href":"https:\/\/pneumaticsolution.com.co\/index.php?rest_route=%2Fwp%2Fv2%2Fproduct_tag&post=1569"}],"curies":[{"name":"wp","href":"https:\/\/api.w.org\/{rel}","templated":true}]}}