{"id":1589,"date":"2023-06-15T17:19:10","date_gmt":"2023-06-15T22:19:10","guid":{"rendered":"https:\/\/pneumaticsolution.com.co\/?post_type=product&#038;p=1589"},"modified":"2023-06-15T17:20:21","modified_gmt":"2023-06-15T22:20:21","slug":"racores-a-presion-proveedor-neumatico-serie-plastica-fabricante-de-racores-neumaticos-a-presion","status":"publish","type":"product","link":"https:\/\/pneumaticsolution.com.co\/?product=racores-a-presion-proveedor-neumatico-serie-plastica-fabricante-de-racores-neumaticos-a-presion","title":{"rendered":"Racores a presi\u00f3n Proveedor neum\u00e1tico Serie pl\u00e1stica Fabricante de racores neum\u00e1ticos a presi\u00f3n"},"content":{"rendered":"<p>N\u00famero De Art\u00edculo: Serie De Pl\u00e1stico Neum\u00e1tico De Accesorios De Empuje<br \/>\nEmpuje los accesorios Neum\u00e1ticos<br \/>\nAccesorios de aire neum\u00e1ticos<br \/>\nAccesorios neum\u00e1ticos de pl\u00e1stico<br \/>\nAjuste para el tama\u00f1o del tubo: 4 mm 6 mm 8 mm 10 mm 12 mm 14 mm 16 mm Tubo de manguera<br \/>\nPresi\u00f3n de funcionamiento: 0 ~ 1 Mpa<br \/>\nRango de temperatura de funcionamiento: 0 ~ 60 \u2103<br \/>\nTipo de fluido: Aire \/ vac\u00edo<br \/>\nAjuste para tubo Material: PU \/PE\/Nylon,Poliuretano<br \/>\nMaterial de montaje r\u00e1pido:Pl\u00e1stico<\/p>\n","protected":false},"excerpt":{"rendered":"<p>N\u00famero De Art\u00edculo: Serie De Pl\u00e1stico Neum\u00e1tico De Accesorios De Empuje Empuje los accesorios Neum\u00e1ticos Accesorios de aire neum\u00e1ticos Accesorios neum\u00e1ticos de pl\u00e1stico Ajuste para el tama\u00f1o del tubo: 4 mm 6 mm 8 mm 10 mm 12 mm 14 mm 16 mm Tubo de manguera Presi\u00f3n de funcionamiento: 0 ~ 1 Mpa Rango de [&hellip;]<\/p>\n","protected":false},"featured_media":1588,"comment_status":"open","ping_status":"closed","template":"","meta":{"_et_pb_use_builder":"","_et_pb_old_content":"","_et_gb_content_width":"","_monsterinsights_skip_tracking":false,"_monsterinsights_sitenote_active":false,"_monsterinsights_sitenote_note":"","_monsterinsights_sitenote_category":0,"_joinchat":[]},"product_brand":[],"product_cat":[74,73],"product_tag":[],"class_list":{"0":"post-1589","1":"product","2":"type-product","3":"status-publish","4":"has-post-thumbnail","6":"product_cat-conector-de-plastico","7":"product_cat-piezas-neumaticas-y-accesorios","9":"first","10":"instock","11":"shipping-taxable","12":"product-type-simple"},"aioseo_notices":[],"jetpack_sharing_enabled":true,"_links":{"self":[{"href":"https:\/\/pneumaticsolution.com.co\/index.php?rest_route=\/wp\/v2\/product\/1589","targetHints":{"allow":["GET"]}}],"collection":[{"href":"https:\/\/pneumaticsolution.com.co\/index.php?rest_route=\/wp\/v2\/product"}],"about":[{"href":"https:\/\/pneumaticsolution.com.co\/index.php?rest_route=\/wp\/v2\/types\/product"}],"replies":[{"embeddable":true,"href":"https:\/\/pneumaticsolution.com.co\/index.php?rest_route=%2Fwp%2Fv2%2Fcomments&post=1589"}],"wp:featuredmedia":[{"embeddable":true,"href":"https:\/\/pneumaticsolution.com.co\/index.php?rest_route=\/wp\/v2\/media\/1588"}],"wp:attachment":[{"href":"https:\/\/pneumaticsolution.com.co\/index.php?rest_route=%2Fwp%2Fv2%2Fmedia&parent=1589"}],"wp:term":[{"taxonomy":"product_brand","embeddable":true,"href":"https:\/\/pneumaticsolution.com.co\/index.php?rest_route=%2Fwp%2Fv2%2Fproduct_brand&post=1589"},{"taxonomy":"product_cat","embeddable":true,"href":"https:\/\/pneumaticsolution.com.co\/index.php?rest_route=%2Fwp%2Fv2%2Fproduct_cat&post=1589"},{"taxonomy":"product_tag","embeddable":true,"href":"https:\/\/pneumaticsolution.com.co\/index.php?rest_route=%2Fwp%2Fv2%2Fproduct_tag&post=1589"}],"curies":[{"name":"wp","href":"https:\/\/api.w.org\/{rel}","templated":true}]}}