{"id":564,"date":"2023-04-18T10:41:08","date_gmt":"2023-04-18T15:41:08","guid":{"rendered":"https:\/\/pneumaticsolution.com.co\/?post_type=product&#038;p=564"},"modified":"2023-04-18T10:47:24","modified_gmt":"2023-04-18T15:47:24","slug":"valvula-solenoide-neumatica-4v-serie-4v210-08-proveedores","status":"publish","type":"product","link":"https:\/\/pneumaticsolution.com.co\/?product=valvula-solenoide-neumatica-4v-serie-4v210-08-proveedores","title":{"rendered":"V\u00e1lvula solenoide neum\u00e1tica 4V Serie 4V210-08 Proveedores"},"content":{"rendered":"<p>Cableado de v\u00e1lvula solenoide neum\u00e1tica<br \/>\nFabricantes de v\u00e1lvula solenoide neum\u00e1tica<br \/>\nProveedores de v\u00e1lvula solenoide neum\u00e1tica<br \/>\nFluido: aire<br \/>\nAcci\u00f3n: tipo de actuaci\u00f3n pilotada internamente Tipo<br \/>\nde v\u00e1lvula: 2\/3 v\u00edas\/2\/5 \u200b\u200bv\u00edas\/3\/5 v\u00edas<br \/>\nPresi\u00f3n de funcionamiento: 1,5 ~ 8,0 kgf\/cm\u00b2<br \/>\nPresi\u00f3n de prueba: 10,5 kgf\/ cm\u00b2<br \/>\nTemperatura ambiente y de fluido:5~60\u00b0C<br \/>\nRango de voltaje:\u00b110%<br \/>\nConsumo de energ\u00eda:AC4.5W DC3.0W<br \/>\nGrado de aislamiento:Grado F<br \/>\nProtecci\u00f3n:IP65 (DIN 40050)<br \/>\nConexi\u00f3n:Tipo de cable conductor o tipo de terminal<br \/>\nFrecuencia m\u00e1x.: 5 ciclos\/seg<br \/>\nCuerpo: Aleaci\u00f3n de aluminio<br \/>\nSello: NBR<br \/>\n\u00c1rea efectiva (mm\u00b2): 7 mm\u00b2 (CV=0,4) \/ 10 mm\u00b2 (CV = 0,56) \/ 14 mm\u00b2 (CV = 0,78) \/ 12 mm\u00b2 (CV = 0,40) \/ 16 mm\u00b2 (CV = 0,78) \/ 12 mm\u00b2 (CV=0,67)<\/p>\n","protected":false},"excerpt":{"rendered":"<p>Cableado de v\u00e1lvula solenoide neum\u00e1tica Fabricantes de v\u00e1lvula solenoide neum\u00e1tica Proveedores de v\u00e1lvula solenoide neum\u00e1tica Fluido: aire Acci\u00f3n: tipo de actuaci\u00f3n pilotada internamente Tipo de v\u00e1lvula: 2\/3 v\u00edas\/2\/5 \u200b\u200bv\u00edas\/3\/5 v\u00edas Presi\u00f3n de funcionamiento: 1,5 ~ 8,0 kgf\/cm\u00b2 Presi\u00f3n de prueba: 10,5 kgf\/ cm\u00b2 Temperatura ambiente y de fluido:5~60\u00b0C Rango de voltaje:\u00b110% Consumo de energ\u00eda:AC4.5W DC3.0W [&hellip;]<\/p>\n","protected":false},"featured_media":565,"comment_status":"open","ping_status":"closed","template":"","meta":{"_et_pb_use_builder":"","_et_pb_old_content":"","_et_gb_content_width":"","_monsterinsights_skip_tracking":false,"_monsterinsights_sitenote_active":false,"_monsterinsights_sitenote_note":"","_monsterinsights_sitenote_category":0,"_joinchat":[]},"product_brand":[],"product_cat":[28,27],"product_tag":[],"class_list":{"0":"post-564","1":"product","2":"type-product","3":"status-publish","4":"has-post-thumbnail","6":"product_cat-valvula-solenoide-aire","7":"product_cat-valvulas-neumaticas","9":"first","10":"instock","11":"shipping-taxable","12":"product-type-simple"},"aioseo_notices":[],"jetpack_sharing_enabled":true,"_links":{"self":[{"href":"https:\/\/pneumaticsolution.com.co\/index.php?rest_route=\/wp\/v2\/product\/564","targetHints":{"allow":["GET"]}}],"collection":[{"href":"https:\/\/pneumaticsolution.com.co\/index.php?rest_route=\/wp\/v2\/product"}],"about":[{"href":"https:\/\/pneumaticsolution.com.co\/index.php?rest_route=\/wp\/v2\/types\/product"}],"replies":[{"embeddable":true,"href":"https:\/\/pneumaticsolution.com.co\/index.php?rest_route=%2Fwp%2Fv2%2Fcomments&post=564"}],"wp:featuredmedia":[{"embeddable":true,"href":"https:\/\/pneumaticsolution.com.co\/index.php?rest_route=\/wp\/v2\/media\/565"}],"wp:attachment":[{"href":"https:\/\/pneumaticsolution.com.co\/index.php?rest_route=%2Fwp%2Fv2%2Fmedia&parent=564"}],"wp:term":[{"taxonomy":"product_brand","embeddable":true,"href":"https:\/\/pneumaticsolution.com.co\/index.php?rest_route=%2Fwp%2Fv2%2Fproduct_brand&post=564"},{"taxonomy":"product_cat","embeddable":true,"href":"https:\/\/pneumaticsolution.com.co\/index.php?rest_route=%2Fwp%2Fv2%2Fproduct_cat&post=564"},{"taxonomy":"product_tag","embeddable":true,"href":"https:\/\/pneumaticsolution.com.co\/index.php?rest_route=%2Fwp%2Fv2%2Fproduct_tag&post=564"}],"curies":[{"name":"wp","href":"https:\/\/api.w.org\/{rel}","templated":true}]}}