{"id":590,"date":"2023-04-18T12:21:54","date_gmt":"2023-04-18T17:21:54","guid":{"rendered":"https:\/\/pneumaticsolution.com.co\/?post_type=product&#038;p=590"},"modified":"2023-04-18T12:24:24","modified_gmt":"2023-04-18T17:24:24","slug":"valvula-solenoide-4v-serie-4v210-08","status":"publish","type":"product","link":"https:\/\/pneumaticsolution.com.co\/?product=valvula-solenoide-4v-serie-4v210-08","title":{"rendered":"V\u00e1lvula solenoide 4V serie 4V210-08"},"content":{"rendered":"<p><span>V\u00e1lvula solenoide neum\u00e1tica<\/span><br \/>\n<span>Fabricantes de v\u00e1lvulas solenoides neum\u00e1ticas<\/span><br \/>\n<span>Proveedores de v\u00e1lvulas solenoides neum\u00e1ticas<\/span><br \/>\n<span>Fluido: aire<\/span><br \/>\n<span>Acci\u00f3n: tipo de actuaci\u00f3n pilotada internamente Tipo<\/span><br \/>\n<span>de v\u00e1lvula: 2\/3 v\u00edas\/2\/5 \u200b\u200bv\u00edas\/3\/5 v\u00edas<\/span><br \/>\n<span>Presi\u00f3n de funcionamiento: 1,5 ~ 8,0 kgf\/cm\u00b2<\/span><br \/>\n<span>Presi\u00f3n de prueba: 10,5 kgf\/cm\u00b2<\/span><br \/>\n<span>Temperatura ambiente y de fluido: 5~60\u00b0C<\/span><br \/>\n<span>Rango de voltaje: \u00b1 10%<\/span><br \/>\n<span>Consumo de energ\u00eda: AC4.5W DC3.0W<\/span><br \/>\n<span>Grado de aislamiento: Grado F<\/span><br \/>\n<span>Protecci\u00f3n: IP65 (DIN 40050)<\/span><br \/>\n<span>Conexi\u00f3n: Tipo de cable o tipo de terminal<\/span><br \/>\n<span>Frecuencia m\u00e1xima: 5 ciclos \/seg<\/span><br \/>\n<span>Cuerpo:Aleaci\u00f3n de aluminio<\/span><br \/>\n<span>Sello:NBR<\/span><br \/>\n<span>\u00c1rea efectiva (mm\u00b2):7mm\u00b2(CV=0.4) \/ 10mm\u00b2(CV=0.56) \/ 14mm\u00b2(CV=0.78) \/ 12mm\u00b2(CV=0.40) \/ 16mm\u00b2(CV=0.78) \/ 12 mm\u00b2 (CV = 0,67)<\/span><\/p>\n","protected":false},"excerpt":{"rendered":"<p>V\u00e1lvula solenoide neum\u00e1tica Fabricantes de v\u00e1lvulas solenoides neum\u00e1ticas Proveedores de v\u00e1lvulas solenoides neum\u00e1ticas Fluido: aire Acci\u00f3n: tipo de actuaci\u00f3n pilotada internamente Tipo de v\u00e1lvula: 2\/3 v\u00edas\/2\/5 \u200b\u200bv\u00edas\/3\/5 v\u00edas Presi\u00f3n de funcionamiento: 1,5 ~ 8,0 kgf\/cm\u00b2 Presi\u00f3n de prueba: 10,5 kgf\/cm\u00b2 Temperatura ambiente y de fluido: 5~60\u00b0C Rango de voltaje: \u00b1 10% Consumo de energ\u00eda: AC4.5W [&hellip;]<\/p>\n","protected":false},"featured_media":589,"comment_status":"open","ping_status":"closed","template":"","meta":{"_et_pb_use_builder":"","_et_pb_old_content":"","_et_gb_content_width":"","_monsterinsights_skip_tracking":false,"_monsterinsights_sitenote_active":false,"_monsterinsights_sitenote_note":"","_monsterinsights_sitenote_category":0,"_joinchat":[]},"product_brand":[],"product_cat":[28,27],"product_tag":[],"class_list":{"0":"post-590","1":"product","2":"type-product","3":"status-publish","4":"has-post-thumbnail","6":"product_cat-valvula-solenoide-aire","7":"product_cat-valvulas-neumaticas","9":"first","10":"instock","11":"shipping-taxable","12":"product-type-simple"},"aioseo_notices":[],"jetpack_sharing_enabled":true,"_links":{"self":[{"href":"https:\/\/pneumaticsolution.com.co\/index.php?rest_route=\/wp\/v2\/product\/590","targetHints":{"allow":["GET"]}}],"collection":[{"href":"https:\/\/pneumaticsolution.com.co\/index.php?rest_route=\/wp\/v2\/product"}],"about":[{"href":"https:\/\/pneumaticsolution.com.co\/index.php?rest_route=\/wp\/v2\/types\/product"}],"replies":[{"embeddable":true,"href":"https:\/\/pneumaticsolution.com.co\/index.php?rest_route=%2Fwp%2Fv2%2Fcomments&post=590"}],"wp:featuredmedia":[{"embeddable":true,"href":"https:\/\/pneumaticsolution.com.co\/index.php?rest_route=\/wp\/v2\/media\/589"}],"wp:attachment":[{"href":"https:\/\/pneumaticsolution.com.co\/index.php?rest_route=%2Fwp%2Fv2%2Fmedia&parent=590"}],"wp:term":[{"taxonomy":"product_brand","embeddable":true,"href":"https:\/\/pneumaticsolution.com.co\/index.php?rest_route=%2Fwp%2Fv2%2Fproduct_brand&post=590"},{"taxonomy":"product_cat","embeddable":true,"href":"https:\/\/pneumaticsolution.com.co\/index.php?rest_route=%2Fwp%2Fv2%2Fproduct_cat&post=590"},{"taxonomy":"product_tag","embeddable":true,"href":"https:\/\/pneumaticsolution.com.co\/index.php?rest_route=%2Fwp%2Fv2%2Fproduct_tag&post=590"}],"curies":[{"name":"wp","href":"https:\/\/api.w.org\/{rel}","templated":true}]}}