{"id":622,"date":"2023-04-18T13:27:32","date_gmt":"2023-04-18T18:27:32","guid":{"rendered":"https:\/\/pneumaticsolution.com.co\/?post_type=product&#038;p=622"},"modified":"2023-04-18T13:29:31","modified_gmt":"2023-04-18T18:29:31","slug":"valvula-de-agua-solenoide-electrica-2w-serie-2w-160-15","status":"publish","type":"product","link":"https:\/\/pneumaticsolution.com.co\/?product=valvula-de-agua-solenoide-electrica-2w-serie-2w-160-15","title":{"rendered":"V\u00e1lvula de agua solenoide el\u00e9ctrica 2W Serie 2W-160-15"},"content":{"rendered":"<p><span>V\u00e1lvula de agua de solenoide el\u00e9ctrico<\/span><br \/>\n<span>Proveedores de v\u00e1lvula de solenoide de<\/span><br \/>\n<span>agua Fabricantes de v\u00e1lvulas de solenoide de agua<\/span><br \/>\n<span>Nombre: v\u00e1lvula de solenoide el\u00e9ctrica<\/span><br \/>\n<span>Material: 100% de lat\u00f3n<\/span><br \/>\n<span>Tipo: tipo normalmente cerrado<\/span><br \/>\n<span>Movimiento de actuaci\u00f3n: acci\u00f3n directa<\/span><br \/>\n<span>Formato de conexi\u00f3n: rosca interior<\/span><br \/>\n<span>Di\u00e1metro de tuber\u00eda: DN08 (1\/4 \u00ab) DN10 ( 3\/8&#8243;) DN15(1\/2&#8243;) DN20 (3\/4&#8243;) DN25(1\u00bb).<\/span><br \/>\n<span>Di\u00e1metro nominal: DN08(2.5MM) DN10(4MM) DN15(16MM) DN20(20MM) DN25(25MM)<\/span><br \/>\n<span>Proteger Clase: IP65<\/span><br \/>\n<span>Tipo de rosca: NPT<\/span><br \/>\n<span>Material del sello de aceite: NBR<\/span><\/p>\n","protected":false},"excerpt":{"rendered":"<p>V\u00e1lvula de agua de solenoide el\u00e9ctrico Proveedores de v\u00e1lvula de solenoide de agua Fabricantes de v\u00e1lvulas de solenoide de agua Nombre: v\u00e1lvula de solenoide el\u00e9ctrica Material: 100% de lat\u00f3n Tipo: tipo normalmente cerrado Movimiento de actuaci\u00f3n: acci\u00f3n directa Formato de conexi\u00f3n: rosca interior Di\u00e1metro de tuber\u00eda: DN08 (1\/4 \u00ab) DN10 ( 3\/8&#8243;) DN15(1\/2&#8243;) DN20 (3\/4&#8243;) [&hellip;]<\/p>\n","protected":false},"featured_media":599,"comment_status":"open","ping_status":"closed","template":"","meta":{"_et_pb_use_builder":"","_et_pb_old_content":"","_et_gb_content_width":"","_monsterinsights_skip_tracking":false,"_monsterinsights_sitenote_active":false,"_monsterinsights_sitenote_note":"","_monsterinsights_sitenote_category":0,"_joinchat":[]},"product_brand":[],"product_cat":[29,27],"product_tag":[],"class_list":{"0":"post-622","1":"product","2":"type-product","3":"status-publish","4":"has-post-thumbnail","6":"product_cat-valvula-solenoide-agua-aire-aceite","7":"product_cat-valvulas-neumaticas","9":"first","10":"instock","11":"shipping-taxable","12":"product-type-simple"},"aioseo_notices":[],"jetpack_sharing_enabled":true,"_links":{"self":[{"href":"https:\/\/pneumaticsolution.com.co\/index.php?rest_route=\/wp\/v2\/product\/622","targetHints":{"allow":["GET"]}}],"collection":[{"href":"https:\/\/pneumaticsolution.com.co\/index.php?rest_route=\/wp\/v2\/product"}],"about":[{"href":"https:\/\/pneumaticsolution.com.co\/index.php?rest_route=\/wp\/v2\/types\/product"}],"replies":[{"embeddable":true,"href":"https:\/\/pneumaticsolution.com.co\/index.php?rest_route=%2Fwp%2Fv2%2Fcomments&post=622"}],"wp:featuredmedia":[{"embeddable":true,"href":"https:\/\/pneumaticsolution.com.co\/index.php?rest_route=\/wp\/v2\/media\/599"}],"wp:attachment":[{"href":"https:\/\/pneumaticsolution.com.co\/index.php?rest_route=%2Fwp%2Fv2%2Fmedia&parent=622"}],"wp:term":[{"taxonomy":"product_brand","embeddable":true,"href":"https:\/\/pneumaticsolution.com.co\/index.php?rest_route=%2Fwp%2Fv2%2Fproduct_brand&post=622"},{"taxonomy":"product_cat","embeddable":true,"href":"https:\/\/pneumaticsolution.com.co\/index.php?rest_route=%2Fwp%2Fv2%2Fproduct_cat&post=622"},{"taxonomy":"product_tag","embeddable":true,"href":"https:\/\/pneumaticsolution.com.co\/index.php?rest_route=%2Fwp%2Fv2%2Fproduct_tag&post=622"}],"curies":[{"name":"wp","href":"https:\/\/api.w.org\/{rel}","templated":true}]}}