{"id":624,"date":"2023-04-18T13:33:02","date_gmt":"2023-04-18T18:33:02","guid":{"rendered":"https:\/\/pneumaticsolution.com.co\/?post_type=product&#038;p=624"},"modified":"2023-04-18T13:34:52","modified_gmt":"2023-04-18T18:34:52","slug":"valvula-solenoide-para-agua-2w-serie-2w-160-15","status":"publish","type":"product","link":"https:\/\/pneumaticsolution.com.co\/?product=valvula-solenoide-para-agua-2w-serie-2w-160-15","title":{"rendered":"V\u00e1lvula solenoide para agua 2W Serie 2W-160-15"},"content":{"rendered":"<p><span>V\u00e1lvula solenoide para agua<\/span><br \/>\n<span>Proveedor de v\u00e1lvula solenoide de agua V\u00e1lvula<\/span><br \/>\n<span>solenoide de agua Nombre del fabricante<\/span><br \/>\n<span>: V\u00e1lvula solenoide el\u00e9ctrica<\/span><br \/>\n<span>Material: 100% de lat\u00f3n<\/span><br \/>\n<span>Tipo: Tipo normalmente cerrado<\/span><br \/>\n<span>Movimiento de actuaci\u00f3n: Acci\u00f3n directa<\/span><br \/>\n<span>Formato de conexi\u00f3n: Rosca interior<\/span><br \/>\n<span>Di\u00e1metro de tuber\u00eda: DN08 (1\/4 \u00ab) DN10 ( 3\/8&#8243;) DN15(1\/2&#8243;) DN20 (3\/4&#8243;) DN25(1\u00bb).<\/span><br \/>\n<span>Di\u00e1metro nominal: DN08(2.5MM) DN10(4MM) DN15(16MM) DN20(20MM) DN25(25MM)<\/span><br \/>\n<span>Proteger Clase: IP65<\/span><br \/>\n<span>Tipo de rosca: NPT<\/span><br \/>\n<span>Material del sello de aceite: NBR<\/span><\/p>\n","protected":false},"excerpt":{"rendered":"<p>V\u00e1lvula solenoide para agua Proveedor de v\u00e1lvula solenoide de agua V\u00e1lvula solenoide de agua Nombre del fabricante : V\u00e1lvula solenoide el\u00e9ctrica Material: 100% de lat\u00f3n Tipo: Tipo normalmente cerrado Movimiento de actuaci\u00f3n: Acci\u00f3n directa Formato de conexi\u00f3n: Rosca interior Di\u00e1metro de tuber\u00eda: DN08 (1\/4 \u00ab) DN10 ( 3\/8&#8243;) DN15(1\/2&#8243;) DN20 (3\/4&#8243;) DN25(1\u00bb). Di\u00e1metro nominal: DN08(2.5MM) [&hellip;]<\/p>\n","protected":false},"featured_media":599,"comment_status":"open","ping_status":"closed","template":"","meta":{"_et_pb_use_builder":"","_et_pb_old_content":"","_et_gb_content_width":"","_monsterinsights_skip_tracking":false,"_monsterinsights_sitenote_active":false,"_monsterinsights_sitenote_note":"","_monsterinsights_sitenote_category":0,"_joinchat":[]},"product_brand":[],"product_cat":[29,27],"product_tag":[],"class_list":{"0":"post-624","1":"product","2":"type-product","3":"status-publish","4":"has-post-thumbnail","6":"product_cat-valvula-solenoide-agua-aire-aceite","7":"product_cat-valvulas-neumaticas","9":"first","10":"instock","11":"shipping-taxable","12":"product-type-simple"},"aioseo_notices":[],"jetpack_sharing_enabled":true,"_links":{"self":[{"href":"https:\/\/pneumaticsolution.com.co\/index.php?rest_route=\/wp\/v2\/product\/624","targetHints":{"allow":["GET"]}}],"collection":[{"href":"https:\/\/pneumaticsolution.com.co\/index.php?rest_route=\/wp\/v2\/product"}],"about":[{"href":"https:\/\/pneumaticsolution.com.co\/index.php?rest_route=\/wp\/v2\/types\/product"}],"replies":[{"embeddable":true,"href":"https:\/\/pneumaticsolution.com.co\/index.php?rest_route=%2Fwp%2Fv2%2Fcomments&post=624"}],"wp:featuredmedia":[{"embeddable":true,"href":"https:\/\/pneumaticsolution.com.co\/index.php?rest_route=\/wp\/v2\/media\/599"}],"wp:attachment":[{"href":"https:\/\/pneumaticsolution.com.co\/index.php?rest_route=%2Fwp%2Fv2%2Fmedia&parent=624"}],"wp:term":[{"taxonomy":"product_brand","embeddable":true,"href":"https:\/\/pneumaticsolution.com.co\/index.php?rest_route=%2Fwp%2Fv2%2Fproduct_brand&post=624"},{"taxonomy":"product_cat","embeddable":true,"href":"https:\/\/pneumaticsolution.com.co\/index.php?rest_route=%2Fwp%2Fv2%2Fproduct_cat&post=624"},{"taxonomy":"product_tag","embeddable":true,"href":"https:\/\/pneumaticsolution.com.co\/index.php?rest_route=%2Fwp%2Fv2%2Fproduct_tag&post=624"}],"curies":[{"name":"wp","href":"https:\/\/api.w.org\/{rel}","templated":true}]}}