{"id":912,"date":"2023-05-23T09:07:21","date_gmt":"2023-05-23T14:07:21","guid":{"rendered":"https:\/\/pneumaticsolution.com.co\/?post_type=product&#038;p=912"},"modified":"2023-05-23T09:13:44","modified_gmt":"2023-05-23T14:13:44","slug":"cilindros-neumaticos-proveedores-serie-cq2b-cilindros-de-aire-compactos-fabricantes","status":"publish","type":"product","link":"https:\/\/pneumaticsolution.com.co\/?product=cilindros-neumaticos-proveedores-serie-cq2b-cilindros-de-aire-compactos-fabricantes","title":{"rendered":"Cilindros neum\u00e1ticos Proveedores Serie CQ2B Cilindros de aire compactos Fabricantes"},"content":{"rendered":"<p>N\u00famero De Art\u00edculo: Cilindros Neum\u00e1ticos Serie CQ2B<br \/>\nCilindros neum\u00e1ticos<br \/>\nProveedores de cilindros neum\u00e1ticos compactos Fabricantes de<br \/>\ncilindros neum\u00e1ticos compactos<br \/>\nSerie CQ2:CQ2 y CDQ2<br \/>\nCQ2:Sin tipo de im\u00e1n incorporado<br \/>\nCDQ2:Con tipo de im\u00e1n incorporado<br \/>\nTipo de montaje:A y B<br \/>\nA:Ambos extremos Rosca hembra<br \/>\nB:Agujero pasante<br \/>\nTipo de actuaci\u00f3n: D &#038; S &#038; T<br \/>\nD: Doble acci\u00f3n<br \/>\nS: Acci\u00f3n simple (Tipo de retorno por resorte)<br \/>\nT: Acci\u00f3n simple (Tipo estirado por resorte)<\/p>\n","protected":false},"excerpt":{"rendered":"<p>N\u00famero De Art\u00edculo: Cilindros Neum\u00e1ticos Serie CQ2B Cilindros neum\u00e1ticos Proveedores de cilindros neum\u00e1ticos compactos Fabricantes de cilindros neum\u00e1ticos compactos Serie CQ2:CQ2 y CDQ2 CQ2:Sin tipo de im\u00e1n incorporado CDQ2:Con tipo de im\u00e1n incorporado Tipo de montaje:A y B A:Ambos extremos Rosca hembra B:Agujero pasante Tipo de actuaci\u00f3n: D &#038; S &#038; T D: Doble acci\u00f3n [&hellip;]<\/p>\n","protected":false},"featured_media":901,"comment_status":"open","ping_status":"closed","template":"","meta":{"_et_pb_use_builder":"","_et_pb_old_content":"","_et_gb_content_width":"","_monsterinsights_skip_tracking":false,"_monsterinsights_sitenote_active":false,"_monsterinsights_sitenote_note":"","_monsterinsights_sitenote_category":0,"_joinchat":[]},"product_brand":[],"product_cat":[43,40,44],"product_tag":[],"class_list":{"0":"post-912","1":"product","2":"type-product","3":"status-publish","4":"has-post-thumbnail","6":"product_cat-cilindro-compacto","7":"product_cat-componentes-de-ejecucion-neumatica","8":"product_cat-serie-cq2b","10":"first","11":"instock","12":"shipping-taxable","13":"product-type-simple"},"aioseo_notices":[],"jetpack_sharing_enabled":true,"_links":{"self":[{"href":"https:\/\/pneumaticsolution.com.co\/index.php?rest_route=\/wp\/v2\/product\/912","targetHints":{"allow":["GET"]}}],"collection":[{"href":"https:\/\/pneumaticsolution.com.co\/index.php?rest_route=\/wp\/v2\/product"}],"about":[{"href":"https:\/\/pneumaticsolution.com.co\/index.php?rest_route=\/wp\/v2\/types\/product"}],"replies":[{"embeddable":true,"href":"https:\/\/pneumaticsolution.com.co\/index.php?rest_route=%2Fwp%2Fv2%2Fcomments&post=912"}],"wp:featuredmedia":[{"embeddable":true,"href":"https:\/\/pneumaticsolution.com.co\/index.php?rest_route=\/wp\/v2\/media\/901"}],"wp:attachment":[{"href":"https:\/\/pneumaticsolution.com.co\/index.php?rest_route=%2Fwp%2Fv2%2Fmedia&parent=912"}],"wp:term":[{"taxonomy":"product_brand","embeddable":true,"href":"https:\/\/pneumaticsolution.com.co\/index.php?rest_route=%2Fwp%2Fv2%2Fproduct_brand&post=912"},{"taxonomy":"product_cat","embeddable":true,"href":"https:\/\/pneumaticsolution.com.co\/index.php?rest_route=%2Fwp%2Fv2%2Fproduct_cat&post=912"},{"taxonomy":"product_tag","embeddable":true,"href":"https:\/\/pneumaticsolution.com.co\/index.php?rest_route=%2Fwp%2Fv2%2Fproduct_tag&post=912"}],"curies":[{"name":"wp","href":"https:\/\/api.w.org\/{rel}","templated":true}]}}